{"id":3285,"date":"2025-03-21T21:44:19","date_gmt":"2025-03-21T21:44:19","guid":{"rendered":"https:\/\/lifeglobal.ro\/?post_type=product&#038;p=3285"},"modified":"2025-08-11T11:12:00","modified_gmt":"2025-08-11T11:12:00","slug":"9cellnergy2","status":"publish","type":"product","link":"https:\/\/lifeglobal.ro\/ro\/produs\/9cellnergy2\/","title":{"rendered":"Cellnergy, Laminine, PowerCream LifePharm"},"content":{"rendered":"<h5 style=\"text-align: center;\">Pachet suplimente LifePharm ce include 1 aparat CELLNERGY WELLNESS cu suport inclus, 1 flacon LAMININE (120 capsule), 2 flacoane Cellnergy Wellness PowerCream.<\/h5>\n<p>&nbsp;<\/p>\n<p style=\"text-align: center;\">Produse originale LIFEPHARM, provenien\u021b\u0103 Statele Unite ale Americii, livrare cu factur\u0103 fiscal\u0103. Distribuitor oficial Lifepharm, pentru livrare \u00een Europa, U.K., Canada \u0219i USA <a href=\"https:\/\/mylifepharm.com\/lifeglobal\/joinnow\">apas\u0103 aici.<\/a><\/p>\n<pre><strong><em><a href=\"https:\/\/mylifepharm.com\/lifeglobal\/joinnow\">Cump\u0103r\u0103 direct produc\u0103tor LIFEPHARM<\/a><\/em><\/strong><\/pre>\n<p><img fetchpriority=\"high\" decoding=\"async\" class=\"size-medium wp-image-6810 aligncenter\" src=\"https:\/\/globalpharm.ro\/wp-content\/uploads\/2022\/12\/Silviu_LAMININE-298x300.jpeg\" alt=\"Silviu_LAMININE\" width=\"298\" height=\"300\" \/><\/p>\n<h5 style=\"text-align: center;\" data-start=\"1601\" data-end=\"1979\"><\/h5>\n<hr data-start=\"1557\" data-end=\"1560\" \/>\n<h6><\/h6>\n<p style=\"text-align: center;\"><strong>Pachet suplimente ce include 1 aparat Cellnergy Wellness cu suport inclus, 1 flacon LAMININE (120 capsule), \u00a02 Cellnergy Wellness PowerCream.<\/strong><\/p>\n<ul>\n<li><strong>Cellnergy-wellness, <\/strong>un aparat de succes in tratamente ale pielii, regenerare cu celule stem a tesuturilor, patologii ale sistemului circulator, creste imunitatea, protejeaza telomerii, stimuleaza cresterea parului, accelereaza vindecarea ranilor, creste nivelul de energie si buna dispozitie, recuperare dupa efort, preventie si tratament cu spectru larg de impact.<\/li>\n<li><em><strong>LAMININE<\/strong><\/em> 120 capsule este un supliment alimentar 100% natural, ob\u021binut din ou\u0103 de g\u0103in\u0103 fertilizate. Laminina con\u021bine o formul\u0103 patentat\u0103 numit\u0103 OPT9, care include un ingredient activ deosebit de important, \u0219i anume Factorul de Crestere a Fibroblastelor (FGF2).<\/li>\n<li><strong>Cellnergy Wellness PowerCream<\/strong> este prima solu\u021bie topic\u0103 din lume pentru tulbur\u0103rile degenerative. Aceasta con\u021bine un amestec unic de factori de cre\u0219tere bioactivi care s-au dovedit a reactiva celulele stem \u0219i a combate tulbur\u0103rile degenerative.<\/li>\n<li><span class=\"Y2IQFc\" lang=\"ro\"><em><strong>Refive Lifepharm<\/strong><\/em> 10 plicuri, fiecare plic contine: 2 Laminine, 1 Omega, 1 digestiv, \u0219i 1 immune. Se recomand\u0103 s\u0103 lua\u021bi 1-2 plicuri zilnic. REFIVE este ideal de c\u0103l\u0103torie, cu pachetul s\u0103u compact de multivitamine care se potrive\u0219te f\u0103r\u0103 efort \u00een geant\u0103 sau \u00een bagaje de m\u00e2n\u0103. Acest lucru asigur\u0103 c\u0103 nutrien\u021bii esen\u021biali oriunde te duci, promov\u00e2nd \u00eent\u0103rirea sistemului imunitar \u0219i bun\u0103starea general\u0103. Sanatate intr-un plic.<\/span><\/li>\n<\/ul>\n<pre><strong><em><a href=\"https:\/\/mylifepharm.com\/lifeglobal\/joinnow\">Cump\u0103r\u0103 direct produc\u0103tor LIFEPHARM<\/a><\/em><\/strong><\/pre>","protected":false},"excerpt":{"rendered":"<p>&nbsp;<\/p>\n<p>\ud83e\uddd1\u200d\u2695\ufe0f\u00a0<strong><em>Oncoterapeut Silviu Br\u00eenzoi<\/em><\/strong><strong><em>\u00a0<\/em><\/strong>acord\u0103 consultan\u021b\u0103 gratuit\u0103<strong><em>.<\/em><\/strong><br \/>\n\u2705 Produse 100% autentice, provenien\u021b\u0103 Statele Unite ale Americii.<br \/>\n\ud83c\udf0d Importator oficial LifePharm \u00een Europa, comand\u0103 produc\u0103tor\u00a0<a href=\"https:\/\/mylifepharm.com\/lifeglobal\/joinnow\">aici<\/a><br \/>\n\ud83d\udcdc Produsele sunt \u00eenso\u021bite de factur\u0103 fiscal\u0103, garan\u021bie.<br \/>\n\ud83d\uddd3\ufe0f <strong><em><a href=\"https:\/\/lifeglobal.ro\/informatii-si-detalii-produse\/\">Detalii \u0219i informa\u021bii produse.<\/a><\/em><\/strong><\/p>","protected":false},"featured_media":4121,"comment_status":"open","ping_status":"closed","template":"","meta":{"site-sidebar-layout":"default","site-content-layout":"default","ast-site-content-layout":"default","site-content-style":"default","site-sidebar-style":"default","ast-global-header-display":"","ast-banner-title-visibility":"","ast-main-header-display":"","ast-hfb-above-header-display":"","ast-hfb-below-header-display":"","ast-hfb-mobile-header-display":"","site-post-title":"","ast-breadcrumbs-content":"","ast-featured-img":"","footer-sml-layout":"","ast-disable-related-posts":"","theme-transparent-header-meta":"default","adv-header-id-meta":"","stick-header-meta":"","header-above-stick-meta":"","header-main-stick-meta":"","header-below-stick-meta":"","astra-migrate-meta-layouts":"set","ast-page-background-enabled":"default","ast-page-background-meta":{"desktop":{"background-color":"","background-image":"","background-repeat":"repeat","background-position":"center center","background-size":"auto","background-attachment":"scroll","background-type":"","background-media":"","overlay-type":"","overlay-color":"","overlay-opacity":"","overlay-gradient":""},"tablet":{"background-color":"","background-image":"","background-repeat":"repeat","background-position":"center center","background-size":"auto","background-attachment":"scroll","background-type":"","background-media":"","overlay-type":"","overlay-color":"","overlay-opacity":"","overlay-gradient":""},"mobile":{"background-color":"","background-image":"","background-repeat":"repeat","background-position":"center center","background-size":"auto","background-attachment":"scroll","background-type":"","background-media":"","overlay-type":"","overlay-color":"","overlay-opacity":"","overlay-gradient":""}},"ast-content-background-meta":{"desktop":{"background-color":"var(--ast-global-color-5)","background-image":"","background-repeat":"repeat","background-position":"center center","background-size":"auto","background-attachment":"scroll","background-type":"","background-media":"","overlay-type":"","overlay-color":"","overlay-opacity":"","overlay-gradient":""},"tablet":{"background-color":"var(--ast-global-color-5)","background-image":"","background-repeat":"repeat","background-position":"center center","background-size":"auto","background-attachment":"scroll","background-type":"","background-media":"","overlay-type":"","overlay-color":"","overlay-opacity":"","overlay-gradient":""},"mobile":{"background-color":"var(--ast-global-color-5)","background-image":"","background-repeat":"repeat","background-position":"center center","background-size":"auto","background-attachment":"scroll","background-type":"","background-media":"","overlay-type":"","overlay-color":"","overlay-opacity":"","overlay-gradient":""}}},"product_brand":[29],"product_cat":[28],"product_tag":[],"class_list":{"0":"post-3285","1":"product","2":"type-product","3":"status-publish","4":"has-post-thumbnail","6":"product_brand-lifepharm","7":"product_cat-oferte","8":"desktop-align-center","9":"tablet-align-center","10":"mobile-align-center","12":"first","13":"instock","14":"sale","15":"featured","16":"shipping-taxable","17":"purchasable","18":"product-type-simple"},"jetpack_sharing_enabled":true,"_links":{"self":[{"href":"https:\/\/lifeglobal.ro\/ro\/wp-json\/wp\/v2\/product\/3285","targetHints":{"allow":["GET"]}}],"collection":[{"href":"https:\/\/lifeglobal.ro\/ro\/wp-json\/wp\/v2\/product"}],"about":[{"href":"https:\/\/lifeglobal.ro\/ro\/wp-json\/wp\/v2\/types\/product"}],"replies":[{"embeddable":true,"href":"https:\/\/lifeglobal.ro\/ro\/wp-json\/wp\/v2\/comments?post=3285"}],"wp:featuredmedia":[{"embeddable":true,"href":"https:\/\/lifeglobal.ro\/ro\/wp-json\/wp\/v2\/media\/4121"}],"wp:attachment":[{"href":"https:\/\/lifeglobal.ro\/ro\/wp-json\/wp\/v2\/media?parent=3285"}],"wp:term":[{"taxonomy":"product_brand","embeddable":true,"href":"https:\/\/lifeglobal.ro\/ro\/wp-json\/wp\/v2\/product_brand?post=3285"},{"taxonomy":"product_cat","embeddable":true,"href":"https:\/\/lifeglobal.ro\/ro\/wp-json\/wp\/v2\/product_cat?post=3285"},{"taxonomy":"product_tag","embeddable":true,"href":"https:\/\/lifeglobal.ro\/ro\/wp-json\/wp\/v2\/product_tag?post=3285"}],"curies":[{"name":"wp","href":"https:\/\/api.w.org\/{rel}","templated":true}]}}