{"id":3277,"date":"2025-03-21T21:30:27","date_gmt":"2025-03-21T21:30:27","guid":{"rendered":"https:\/\/lifeglobal.ro\/?post_type=product&#038;p=3277"},"modified":"2025-11-08T07:55:15","modified_gmt":"2025-11-08T07:55:15","slug":"cellnergy2","status":"publish","type":"product","link":"https:\/\/lifeglobal.ro\/ro\/produs\/cellnergy2\/","title":{"rendered":"Cellnergy Wellness PowerCream"},"content":{"rendered":"<h5 style=\"text-align: center;\">Cellnergy Wellness PowerCream, crem\u0103 topic\u0103 auto\u00eenc\u0103lzitoare pentru tratarea \u0219i ameliorarea articula\u021biilor dureroase, supliment 100% natural<\/h5>\n<p>&nbsp;<\/p>\n<p style=\"text-align: center;\">Produse originale LIFEPHARM, provenien\u021b\u0103 Statele Unite ale Americii, livrare cu factur\u0103 fiscal\u0103. Distribuitor oficial Lifepharm, pentru livrare \u00een Europa, U.K., Canada \u0219i USA <a href=\"https:\/\/mylifepharm.com\/lifeglobal\/joinnow\">apas\u0103 aici.<\/a><\/p>\n<pre><strong><em><a href=\"https:\/\/mylifepharm.com\/lifeglobal\/joinnow\">Cump\u0103r\u0103 direct produc\u0103tor LIFEPHARM<\/a><\/em><\/strong><\/pre>\n<p><img fetchpriority=\"high\" decoding=\"async\" class=\"size-medium wp-image-6794 aligncenter\" src=\"https:\/\/globalpharm.ro\/wp-content\/uploads\/2022\/03\/silviu_b-300x300.jpg\" alt=\"silviu_b\" width=\"300\" height=\"300\" \/><\/p>\n<h5 style=\"text-align: center;\" data-start=\"1601\" data-end=\"1979\"><\/h5>\n<hr data-start=\"1557\" data-end=\"1560\" \/>\n<h6><\/h6>\n<h6><b>COMBATE TULBUR\u0102RI DEGENERATIVE \u0218I SUS\u021aINE S\u0102N\u0102TATEA ARTICULA\u021aIILOR<\/b><\/h6>\n<h6>Cellnergy Wellness Power Cream este o crem\u0103 topic\u0103 auto\u00eenc\u0103lzitoare pentru tratarea \u0219i ameliorarea articula\u021biilor dureroase.<\/h6>\n<p>Pe m\u0103sur\u0103 ce \u00eenaint\u0103m \u00een v\u00e2rst\u0103, articula\u021biile noastre nu se mai pot reface a\u0219a cum o f\u0103ceau \u00eenainte. Acest lucru se datoreaz\u0103 faptului c\u0103 celulele stem ale corpului nostru devin latente. Acest lucru este cunoscut sub numele de tulburare degenerativ\u0103.<\/p>\n<p>Cellnergy Wellness PowerCream este prima solu\u021bie topic\u0103 din lume pentru tulbur\u0103rile degenerative. Aceasta con\u021bine un amestec unic de factori de cre\u0219tere bioactivi care s-au dovedit a reactiva celulele stem \u0219i a combate tulbur\u0103rile degenerative.<\/p>\n<p>De asemenea, asociaz\u0103 ace\u0219ti factori de cre\u0219tere bioactivi cu un amestec de ingrediente &#8211; care con\u021bin un agent senzorial natural \u0219i energie infraro\u0219ie pentru a crea tehnologia de ultim\u0103 genera\u021bie ThermalWave.<\/p>\n<p>Aceast\u0103 tehnologie ThermalWave face ca crema s\u0103 se auto\u00eenc\u0103lzeasc\u0103. Aceasta se simte cald\u0103 \u0219i reconfortant\u0103 atunci c\u00e2nd este aplicat\u0103 pe articula\u021bii. \u0218i s-a demonstrat c\u0103 energia infraro\u0219ie din interior ajunge \u00een profunzime \u00een piele pentru a calma articula\u021biile, a stimula fluxul sanguin, a \u00eembun\u0103t\u0103\u021bi calitatea somnului \u0219i a promova activitatea celular\u0103. Studiile arat\u0103 c\u0103 energia infraro\u0219ie folosit\u0103 \u00een Cellnergy Wellness Power Cream este o terapie sigur\u0103 \u0219i eficient\u0103 pentru ameliorarea disconfortului articular.<\/p>\n<p>V\u0103 confrunta\u021bi cu disconfort articular sau muscular? Pur \u0219i simplu aplica\u021bi Cellnergy Power Cream pe zona afectat\u0103 de dou\u0103 ori pe zi pentru cele mai bune rezultate.<\/p>\n<p>Sfat profesional: Pentru un somn mai bun, aplica\u021bi produsul pe ceaf\u0103 \u0219i pe partea superioar\u0103 a spatelui \u00eenainte de culcare.<\/p>\n<p>&nbsp;<\/p>\n<div id=\"e-1711466874517\" class=\"element-wrap\" data-label=\"Heading\" data-icon=\"gpicon-heading\" data-ver=\"1\" data-id=\"1711466874517\">\n<div class=\"elm text-edit gf-elm-center gf-elm-left-md gf-elm-left-lg gf-elm-left-sm gf-elm-left-xs\" data-gemlang=\"en\" data-exc=\"\">\n<h5 class=\"gf_gs-text-heading-2\">Beneficii:<\/h5>\n<\/div>\n<\/div>\n<div id=\"e-1711466874506\" class=\"element-wrap\" data-label=\"Text Block\" data-key=\"text-block\" data-atomgroup=\"element\" data-icon=\"gpicon-textblock\" data-ver=\"1\" data-id=\"1711466874506\">\n<div class=\"elm text-edit gf-elm-left gf-elm-left-md gf-elm-left-sm gf-elm-left-xs gf-elm-left-lg gf_gs-text-paragraph-1\" data-gemlang=\"en\" data-exc=\"\">\n<p><b>&#8211; Ameliorarea rapid\u0103 a disconfortului articular prin tehnologia ThermalWave*.<\/b><\/p>\n<\/div>\n<\/div>\n<div id=\"e-1711466874571\" class=\"element-wrap\" data-label=\"Text Block\" data-key=\"text-block\" data-atomgroup=\"element\" data-icon=\"gpicon-textblock\" data-ver=\"1\" data-id=\"1711466874571\">\n<div class=\"elm text-edit gf-elm-left gf-elm-left-md gf-elm-left-sm gf-elm-left-xs gf-elm-left-lg gf_gs-text-paragraph-1\" data-gemlang=\"en\" data-exc=\"\">\n<p><b>&#8211; Abordeaz\u0103 cauza principal\u0103 a tulbur\u0103rilor degenerative prin promovarea activ\u0103rii celulelor stem*.<\/b><\/p>\n<\/div>\n<\/div>\n<div id=\"e-1711466874544\" class=\"element-wrap\" data-label=\"Text Block\" data-key=\"text-block\" data-atomgroup=\"element\" data-icon=\"gpicon-textblock\" data-ver=\"1\" data-id=\"1711466874544\">\n<div class=\"elm text-edit gf-elm-left gf-elm-left-md gf-elm-left-sm gf-elm-left-xs gf-elm-left-lg gf_gs-text-paragraph-1\" data-gemlang=\"en\" data-exc=\"\">\n<p><b>&#8211; \u00cembun\u0103t\u0103\u021be\u0219te circula\u021bia s\u00e2ngelui pentru a promova activitatea celular\u0103 \u0219i vindecarea*<\/b><\/p>\n<\/div>\n<\/div>\n<div id=\"e-1711466874511\" class=\"element-wrap\" data-label=\"Text Block\" data-key=\"text-block\" data-atomgroup=\"element\" data-icon=\"gpicon-textblock\" data-ver=\"1\" data-id=\"1711466874511\">\n<div class=\"elm text-edit gf-elm-left gf-elm-left-md gf-elm-left-sm gf-elm-left-xs gf-elm-left-lg gf_gs-text-paragraph-1\" data-gemlang=\"en\" data-exc=\"\">\n<p><strong>&#8211; Promoveaz\u0103 un somn profund pentru o mai bun\u0103 concentrare \u0219i claritate mental\u0103*.<\/strong><\/p>\n<\/div>\n<\/div>\n<p>&nbsp;<\/p>\n<div id=\"e-1711466887266\" class=\"element-wrap\" data-label=\"Heading\" data-icon=\"gpicon-heading\" data-ver=\"1\" data-id=\"1711466887266\">\n<div class=\"elm text-edit gf-elm-center gf-elm-left-md gf-elm-left-sm gf-elm-left-lg gf-elm-left-xs\" data-gemlang=\"en\" data-exc=\"\">\n<h5 class=\"gf_gs-text-heading-2\">Ingrediente de \u00eenalt\u0103 calitate<\/h5>\n<\/div>\n<\/div>\n<div id=\"e-1711466887197\" class=\"element-wrap\" data-label=\"Text Block\" data-icon=\"gpicon-textblock\" data-ver=\"1\" data-id=\"1711466887197\">\n<div class=\"elm text-edit gf-elm-left gf-elm-left-md gf-elm-left-sm gf-elm-left-xs gf-elm-left-lg gf_gs-text-paragraph-1\" data-gemlang=\"en\" data-exc=\"\">\n<p><b>FACTORI DE CRE\u0218TERE BIOACTIVI<\/b><\/p>\n<\/div>\n<\/div>\n<div id=\"e-1711466887246\" class=\"element-wrap\" data-label=\"Text Block\" data-icon=\"gpicon-textblock\" data-ver=\"1\" data-id=\"1711466887246\">\n<div class=\"elm text-edit gf-elm-left gf-elm-left-lg gf-elm-left-md gf-elm-left-sm gf-elm-left-xs gf_gs-text-paragraph-1\" data-gemlang=\"en\" data-exc=\"\">\n<p>Amestec patentat de factori de cre\u0219tere bioactivi, inclusiv FGF-2 (FibroBlast Growth Factor-2), conceput pentru a reactiva celulele stem latente, precum \u0219i factorul de cre\u0219tere derivat din trombocite \u0219i factorul de cre\u0219tere transformant Beta-1, pentru a ajuta la stimularea cre\u0219terii \u0219i repar\u0103rii celulelor, pentru a reduce inflama\u021bia \u0219i a spori produc\u021bia de matrice cartilaginoas\u0103.<\/p>\n<\/div>\n<\/div>\n<div id=\"e-1711466887184\" class=\"element-wrap\" data-label=\"Text Block\" data-icon=\"gpicon-textblock\" data-ver=\"1\" data-id=\"1711466887184\">\n<div class=\"elm text-edit gf-elm-left gf-elm-left-lg gf-elm-left-md gf-elm-left-sm gf-elm-left-xs gf_gs-text-paragraph-1\" data-gemlang=\"en\" data-exc=\"\">\n<p><b>TEHNOLOGIE THERMALWAVE<\/b><\/p>\n<\/div>\n<\/div>\n<div id=\"e-1711466887261\" class=\"element-wrap\" data-label=\"Text Block\" data-icon=\"gpicon-textblock\" data-ver=\"1\" data-id=\"1711466887261\">\n<div class=\"elm text-edit gf-elm-left gf-elm-left-lg gf-elm-left-md gf-elm-left-sm gf-elm-left-xs gf_gs-text-paragraph-1\" data-gemlang=\"en\" data-exc=\"\">\n<p>Formul\u0103 unic\u0103 de ingrediente naturale, inclusiv un agent senzorial \u0219i energie infraro\u0219ie pentru a calma articula\u021biile dureroase, a stimula fluxul sanguin \u0219i a promova activitatea celular\u0103 \u0219i vindecarea.<\/p>\n<\/div>\n<\/div>\n<div id=\"e-1711466887233\" class=\"element-wrap\" data-label=\"Text Block\" data-icon=\"gpicon-textblock\" data-ver=\"1\" data-id=\"1711466887233\">\n<div class=\"elm text-edit gf-elm-left gf-elm-left-lg gf-elm-left-md gf-elm-left-sm gf-elm-left-xs gf_gs-text-paragraph-1\" data-gemlang=\"en\" data-exc=\"\">\n<p><b>FORMUL\u0102 DE SUS\u021aINERE A ARTICULA\u021aIILOR<\/b><\/p>\n<\/div>\n<\/div>\n<div id=\"e-1711466887245\" class=\"element-wrap\" data-label=\"Text Block\" data-icon=\"gpicon-textblock\" data-ver=\"1\" data-id=\"1711466887245\">\n<div class=\"elm text-edit gf-elm-left gf_gs-text-paragraph-1 gf-elm-left-lg gf-elm-left-md gf-elm-left-sm gf-elm-left-xs\" data-gemlang=\"en\" data-exc=\"\">\n<p>Acidul hialuronic, vitamina A, vitamina C, ceramide, acidul glicolic \u0219i acidul lactic, arnica \u0219i c\u00e2nep\u0103 sunt ad\u0103ugate pentru a sus\u021bine proliferarea celulelor stem, pentru a stimula produc\u021bia natural\u0103 de colagen, pentru a ajuta la lubrifierea articula\u021biilor \u0219i pentru a promova cartilajul s\u0103n\u0103tos.<\/p>\n<\/div>\n<\/div>\n<pre><strong><em><a href=\"https:\/\/mylifepharm.com\/lifeglobal\/joinnow\">Cump\u0103r\u0103 direct produc\u0103tor LIFEPHARM<\/a><\/em><\/strong><\/pre>","protected":false},"excerpt":{"rendered":"<p>&nbsp;<\/p>\n<p>\ud83e\uddd1\u200d\u2695\ufe0f\u00a0<strong><em>Oncoterapeut Silviu Br\u00eenzoi<\/em><\/strong><strong><em>\u00a0<\/em><\/strong>acord\u0103 consultan\u021b\u0103 gratuit\u0103<strong><em>.<\/em><\/strong><br \/>\n\u2705 Produse 100% autentice, provenien\u021b\u0103 Statele Unite ale Americii.<br \/>\n\ud83c\udf0d Importator oficial LifePharm \u00een Europa, comand\u0103 produc\u0103tor\u00a0<a href=\"https:\/\/mylifepharm.com\/lifeglobal\/joinnow\">aici<\/a><br \/>\n\ud83d\udcdc Produsele sunt \u00eenso\u021bite de factur\u0103 fiscal\u0103, garan\u021bie.<br \/>\n\ud83d\uddd3\ufe0f <strong><em><a href=\"https:\/\/lifeglobal.ro\/informatii-si-detalii-produse\/\">Detalii \u0219i informa\u021bii produse.<\/a><\/em><\/strong><\/p>","protected":false},"featured_media":3576,"comment_status":"open","ping_status":"closed","template":"","meta":{"site-sidebar-layout":"default","site-content-layout":"default","ast-site-content-layout":"default","site-content-style":"default","site-sidebar-style":"default","ast-global-header-display":"","ast-banner-title-visibility":"","ast-main-header-display":"","ast-hfb-above-header-display":"","ast-hfb-below-header-display":"","ast-hfb-mobile-header-display":"","site-post-title":"","ast-breadcrumbs-content":"","ast-featured-img":"","footer-sml-layout":"","ast-disable-related-posts":"","theme-transparent-header-meta":"default","adv-header-id-meta":"","stick-header-meta":"","header-above-stick-meta":"","header-main-stick-meta":"","header-below-stick-meta":"","astra-migrate-meta-layouts":"set","ast-page-background-enabled":"default","ast-page-background-meta":{"desktop":{"background-color":"","background-image":"","background-repeat":"repeat","background-position":"center center","background-size":"auto","background-attachment":"scroll","background-type":"","background-media":"","overlay-type":"","overlay-color":"","overlay-opacity":"","overlay-gradient":""},"tablet":{"background-color":"","background-image":"","background-repeat":"repeat","background-position":"center center","background-size":"auto","background-attachment":"scroll","background-type":"","background-media":"","overlay-type":"","overlay-color":"","overlay-opacity":"","overlay-gradient":""},"mobile":{"background-color":"","background-image":"","background-repeat":"repeat","background-position":"center center","background-size":"auto","background-attachment":"scroll","background-type":"","background-media":"","overlay-type":"","overlay-color":"","overlay-opacity":"","overlay-gradient":""}},"ast-content-background-meta":{"desktop":{"background-color":"var(--ast-global-color-5)","background-image":"","background-repeat":"repeat","background-position":"center center","background-size":"auto","background-attachment":"scroll","background-type":"","background-media":"","overlay-type":"","overlay-color":"","overlay-opacity":"","overlay-gradient":""},"tablet":{"background-color":"var(--ast-global-color-5)","background-image":"","background-repeat":"repeat","background-position":"center center","background-size":"auto","background-attachment":"scroll","background-type":"","background-media":"","overlay-type":"","overlay-color":"","overlay-opacity":"","overlay-gradient":""},"mobile":{"background-color":"var(--ast-global-color-5)","background-image":"","background-repeat":"repeat","background-position":"center center","background-size":"auto","background-attachment":"scroll","background-type":"","background-media":"","overlay-type":"","overlay-color":"","overlay-opacity":"","overlay-gradient":""}}},"product_brand":[29],"product_cat":[27],"product_tag":[],"class_list":{"0":"post-3277","1":"product","2":"type-product","3":"status-publish","4":"has-post-thumbnail","6":"product_brand-lifepharm","7":"product_cat-biowave","8":"desktop-align-center","9":"tablet-align-center","10":"mobile-align-center","12":"first","13":"instock","14":"sale","15":"featured","16":"shipping-taxable","17":"purchasable","18":"product-type-simple"},"jetpack_sharing_enabled":true,"_links":{"self":[{"href":"https:\/\/lifeglobal.ro\/ro\/wp-json\/wp\/v2\/product\/3277","targetHints":{"allow":["GET"]}}],"collection":[{"href":"https:\/\/lifeglobal.ro\/ro\/wp-json\/wp\/v2\/product"}],"about":[{"href":"https:\/\/lifeglobal.ro\/ro\/wp-json\/wp\/v2\/types\/product"}],"replies":[{"embeddable":true,"href":"https:\/\/lifeglobal.ro\/ro\/wp-json\/wp\/v2\/comments?post=3277"}],"wp:featuredmedia":[{"embeddable":true,"href":"https:\/\/lifeglobal.ro\/ro\/wp-json\/wp\/v2\/media\/3576"}],"wp:attachment":[{"href":"https:\/\/lifeglobal.ro\/ro\/wp-json\/wp\/v2\/media?parent=3277"}],"wp:term":[{"taxonomy":"product_brand","embeddable":true,"href":"https:\/\/lifeglobal.ro\/ro\/wp-json\/wp\/v2\/product_brand?post=3277"},{"taxonomy":"product_cat","embeddable":true,"href":"https:\/\/lifeglobal.ro\/ro\/wp-json\/wp\/v2\/product_cat?post=3277"},{"taxonomy":"product_tag","embeddable":true,"href":"https:\/\/lifeglobal.ro\/ro\/wp-json\/wp\/v2\/product_tag?post=3277"}],"curies":[{"name":"wp","href":"https:\/\/api.w.org\/{rel}","templated":true}]}}