{"id":3271,"date":"2025-03-21T21:16:49","date_gmt":"2025-03-21T21:16:49","guid":{"rendered":"https:\/\/lifeglobal.ro\/?post_type=product&#038;p=3271"},"modified":"2025-09-09T17:29:21","modified_gmt":"2025-09-09T17:29:21","slug":"lamiderm50","status":"publish","type":"product","link":"https:\/\/lifeglobal.ro\/ro\/produs\/lamiderm50\/","title":{"rendered":"Lamiderm Apex LifePharm 50ml"},"content":{"rendered":"<h5 style=\"text-align: center;\">Lamiderm Apex LifePharm, primul ser de regenerare celular\u0103 a pielii de pe pia\u021b\u0103, cre\u0219te nivelul de colagen, elastina si fibronectina de produc\u021bie \u00een celulele pielii umane<\/h5>\n<p>&nbsp;<\/p>\n<p style=\"text-align: center;\">Produse originale LIFEPHARM, provenien\u021b\u0103 Statele Unite ale Americii, livrare cu factur\u0103 fiscal\u0103. Distribuitor oficial Lifepharm, pentru livrare \u00een Europa, U.K., Canada \u0219i USA <a href=\"https:\/\/mylifepharm.com\/lifeglobal\/joinnow\">apas\u0103 aici.<\/a><\/p>\n<pre><strong><em><a href=\"https:\/\/mylifepharm.com\/lifeglobal\/joinnow\">Cump\u0103r\u0103 direct produc\u0103tor LIFEPHARM<\/a><\/em><\/strong><\/pre>\n<p><img fetchpriority=\"high\" decoding=\"async\" class=\"size-medium wp-image-6810 aligncenter\" src=\"https:\/\/globalpharm.ro\/wp-content\/uploads\/2022\/12\/Silviu_LAMININE-298x300.jpeg\" alt=\"Silviu_LAMININE\" width=\"298\" height=\"300\" \/><\/p>\n<div class=\"wpb_text_column wpb_content_element\">\n<div class=\"wpb_wrapper\">\n<h5 style=\"text-align: center;\" data-start=\"1601\" data-end=\"1979\"><\/h5>\n<hr data-start=\"1557\" data-end=\"1560\" \/>\n<h6><\/h6>\n<h5>Lamiderm Apex Lifepharm<\/h5>\n<p>\u00cen timp, aspectul fe\u021bei se schimb\u0103 \u0219i apar primele semne ale \u00eemb\u0103tr\u00e2nirii: riduri, pete \u00eentunecate, piele mai pu\u021bin elastic\u0103 \u0219i mai pu\u021bin compact\u0103. De ce nu fuctioneaza asa cum ne dorim serurile, cremele sau tratamentele faciale? Pentru ca se adreseaza primului strat al pielii, iar fabricile proteice de colagen, elastina si fibronectina, fibroblasterele, sunt in stratul al treilea.<\/p>\n<p>De\u0219i celulele pielii produc \u00een mod activ elastin\u0103, colagen, fibronectin\u0103 \u0219i lisiloxidaz\u0103 (LOX), care este o enzim\u0103 care afecteaz\u0103 lungimea \u0219i fermitatea fibrelor pielii, pe m\u0103sur\u0103 ce \u00eencepe procesul de \u00eemb\u0103tr\u00e2nire, celulele produc din ce \u00een ce mai pu\u021bin LOX, colagen, elastin\u0103 \u0219i fibronectin\u0103. Acesta este motivul pentru care este foarte important s\u0103 reactiva\u021bi produc\u021bia acestor elemente, care sunt esen\u021biale pentru ob\u021binerea pielii tinere. Activatorul celule stem \u2013\u00a0<strong>Laminine (FGF 2)<\/strong>\u00a0sau serul\u00a0<strong>Apex Lamiderm<\/strong>\u00a0(ce\u00a0<strong>contine<\/strong>\u00a0activator celule stem\u00a0<strong>FGF 2<\/strong>)\u00a0<strong>repornesc activitea fibroblasterelor<\/strong>. Aceasta este explicatia stiintifica a eficientei peste asteptari a acestui produs de top.<\/p>\n<h5>Eficienta Lamiderm Apex \u2013 regenerare faciala cu celule stem<\/h5>\n<p>Lamiderm APEX este cel\u00a0<strong>mai eficient r\u0103spuns pentru a preveni \u0219i a \u00eencetini semnele \u00eemb\u0103tr\u00e2nirii<\/strong>. Este primul ser\u00a0<strong>100% natural pentru regenerarea celulelor pielii<\/strong>. Este o formul\u0103 unic\u0103 pe pia\u021b\u0103, deoarece, datorit\u0103 compozi\u021biei sale speciale, stimuleaz\u0103 producerea tuturor celor trei fibre fundamentale ale pielii: colagen, elastin\u0103 \u0219i fibronectin\u0103, spre deosebire de alte produse care sunt capabile s\u0103 stimuleze produc\u021bia unuia sau dou\u0103 dintre aceste elemente.<\/p>\n<p>Serul<strong>\u00a0Lamiderm Apex Lifepharm\u00a0<\/strong>(cu celule stem) pentru intinerirea epidermei faciale a castigat\u00a0<strong>Gold Award<\/strong>\u00a0\u2013 premiul\u00a0<strong>Nobel<\/strong>\u00a0in lumea suplimentelor, in anul 2020. Aceasta medalie califica produsul, ca si\u00a0<strong>cea mai performanta terapie pentru piele<\/strong> la nivel mondial.<\/p>\n<p>Lamiderm APEX con\u021bine\u00a0<strong>formula brevetat\u0103 LifePharm<\/strong>\u00a0care const\u0103 din extract de ou fertilizat \u00een ziua 9, un activator natural al celulelor pielii \u0219i surs\u0103 natural\u0103 de Lissil Oxidaz\u0103, esen\u021bial\u0103 pentru s\u0103n\u0103tatea pielii \u0219i \u00eentinerire, revitaliz\u00e2nd structura \u0219i aspectul acesteia f\u0103r\u0103 tratament invaziv.<\/p>\n<p>Mai mult, este compus dintr-un\u00a0<strong>complex de luciditate<\/strong>, format din \u0219apte ierburi alpine elve\u021biene, care are un efect de albire asupra tuturor tipurilor de piele, dup\u0103 cum demonstreaz\u0103 studiile \u0219tiin\u021bifice, ob\u021bin\u00e2nd o\u00a0<strong>reducere a petelor \u00eentunecate cu 70%<\/strong>; un complex nutritiv, dat de combina\u021bia de CoQ10 \u0219i vitamina C \u0219i E, care \u00eembun\u0103t\u0103\u021be\u0219te aspectul pielii, \u00eent\u0103re\u0219te celulele \u0219i\u00a0<strong>combate radicalii liberi<\/strong>, \u00eencetinind \u00eemb\u0103tr\u00e2nirea; un\u00a0<strong>complex protector<\/strong>\u00a0format din kiwi, c\u0103p\u0219uni, rodie, afine \u0219i extract de afine, care ajut\u0103 la refacerea pielii deteriorate, stimuleaz\u0103 activitatea celular\u0103 \u0219i contracareaz\u0103 daunele razelor UV, poluarea mediului \u0219i stresul.<\/p>\n<p>Rezultatele aplic\u0103rii\u00a0LAMIDERM APEX Lifepharm, dovedite prin studii \u0219tiin\u021bifice, arat\u0103 o\u00a0<strong>cre\u0219tere a produc\u021biei de colagen cu 250%, elastin\u0103 cu 200% \u0219i fibronectin\u0103 cu 350%\u00a0<\/strong>\u00een doar 3 zile. Mai mult, folosind serul pentru o perioad\u0103 de 7 zile, rezultatele arat\u0103 o\u00a0<strong>cre\u0219tere a elasticit\u0103\u021bii pielii de la 15% p\u00e2n\u0103 la 63%<\/strong>.<\/p>\n<h5>Beneficii Lamiderm Apex Lifepharm<\/h5>\n<ul>\n<li>Previne \u0219i reduce ridurile.<\/li>\n<li>Regenereaz\u0103 celulele pielii.<\/li>\n<li>Cre\u0219te fermitatea si elasticitatea pielii.<\/li>\n<li>Reduce petele \u00eentunecate.<\/li>\n<li>Regenereaz\u0103 \u0219i hidrateaz\u0103 profund.<\/li>\n<li>Protejeaz\u0103 de razele UV, de deteriorarea smogului \u0219i a stresului.<\/li>\n<li>Stimuleaz\u0103 \u0219i cre\u0219te produc\u021bia de colagen, elastin\u0103 \u0219i fibronectin\u0103.<\/li>\n<li>Reda luminozitatea si stralucirea pielii.<\/li>\n<li>Estompeaza liniile fine si microridurile.<\/li>\n<li>Combate radicalii liberi la nivelul epidermei.<\/li>\n<li>Reface pielea deteriorat\u0103.<\/li>\n<li>Estompeaza cicatricile si vergeturile.<\/li>\n<li>Reduce, amelioreaza depigmetarea, acneea, cuperoza.<\/li>\n<\/ul>\n<p><strong>Utilizare<\/strong>: serul se aplicata diminea\u021ba \u0219i seara pe pielea curatata anterior.<\/p>\n<p>Administrarea sinergica cu Laminine potenteaza spectaculos eficacitatea serului.<\/p>\n<\/div>\n<\/div>\n<div class=\"wpb_text_column wpb_content_element\">\n<div class=\"wpb_wrapper\">\n<div><b>Toate produsele LIFEPHARM au \u00een compozi\u021bie extractul de ou fertilizat, unic brevetat la nivel mondial.<\/b><\/div>\n<\/div>\n<\/div>\n<div class=\"woocommerce-tab-item\">\n<div class=\"woocommerce-tab-content\">\n<div>\n<div>\n<div class=\"vc_row wpb_row vc_row-fluid vc_custom_1617695841337\">\n<div class=\"container\">\n<div class=\"row\">\n<div class=\"wpb_column vc_column_container vc_col-sm-12\">\n<div class=\"vc_column-inner\">\n<div class=\"wpb_wrapper\">\n<div class=\"wpb_text_column wpb_content_element\">\n<div class=\"wpb_wrapper\">\n<pre><strong><em><a href=\"https:\/\/mylifepharm.com\/lifeglobal\/joinnow\">Cump\u0103r\u0103 direct produc\u0103tor LIFEPHARM<\/a><\/em><\/strong><\/pre>\n<\/div>\n<\/div>\n<\/div>\n<\/div>\n<\/div>\n<\/div>\n<\/div>\n<\/div>\n<\/div>\n<\/div>\n<\/div>\n<\/div>","protected":false},"excerpt":{"rendered":"<p>&nbsp;<\/p>\n<p>\ud83e\uddd1\u200d\u2695\ufe0f\u00a0<strong><em>Oncoterapeut Silviu Br\u00eenzoi<\/em><\/strong><strong><em>\u00a0<\/em><\/strong>acord\u0103 consultan\u021b\u0103 gratuit\u0103<strong><em>.<\/em><\/strong><br \/>\n\u2705 Produse 100% autentice, provenien\u021b\u0103 Statele Unite ale Americii.<br \/>\n\ud83c\udf0d Importator oficial LifePharm \u00een Europa, comand\u0103 produc\u0103tor\u00a0<a href=\"https:\/\/mylifepharm.com\/lifeglobal\/joinnow\">aici<\/a><br \/>\n\ud83d\udcdc Produsele sunt \u00eenso\u021bite de factur\u0103 fiscal\u0103, garan\u021bie.<br \/>\n\ud83d\uddd3\ufe0f <strong><em><a href=\"https:\/\/lifeglobal.ro\/informatii-si-detalii-produse\/\">Detalii \u0219i informa\u021bii produse.<\/a><\/em><\/strong><\/p>","protected":false},"featured_media":3586,"comment_status":"open","ping_status":"closed","template":"","meta":{"site-sidebar-layout":"default","site-content-layout":"default","ast-site-content-layout":"default","site-content-style":"default","site-sidebar-style":"default","ast-global-header-display":"","ast-banner-title-visibility":"","ast-main-header-display":"","ast-hfb-above-header-display":"","ast-hfb-below-header-display":"","ast-hfb-mobile-header-display":"","site-post-title":"","ast-breadcrumbs-content":"","ast-featured-img":"","footer-sml-layout":"","ast-disable-related-posts":"","theme-transparent-header-meta":"default","adv-header-id-meta":"","stick-header-meta":"","header-above-stick-meta":"","header-main-stick-meta":"","header-below-stick-meta":"","astra-migrate-meta-layouts":"set","ast-page-background-enabled":"default","ast-page-background-meta":{"desktop":{"background-color":"","background-image":"","background-repeat":"repeat","background-position":"center center","background-size":"auto","background-attachment":"scroll","background-type":"","background-media":"","overlay-type":"","overlay-color":"","overlay-opacity":"","overlay-gradient":""},"tablet":{"background-color":"","background-image":"","background-repeat":"repeat","background-position":"center center","background-size":"auto","background-attachment":"scroll","background-type":"","background-media":"","overlay-type":"","overlay-color":"","overlay-opacity":"","overlay-gradient":""},"mobile":{"background-color":"","background-image":"","background-repeat":"repeat","background-position":"center center","background-size":"auto","background-attachment":"scroll","background-type":"","background-media":"","overlay-type":"","overlay-color":"","overlay-opacity":"","overlay-gradient":""}},"ast-content-background-meta":{"desktop":{"background-color":"var(--ast-global-color-5)","background-image":"","background-repeat":"repeat","background-position":"center center","background-size":"auto","background-attachment":"scroll","background-type":"","background-media":"","overlay-type":"","overlay-color":"","overlay-opacity":"","overlay-gradient":""},"tablet":{"background-color":"var(--ast-global-color-5)","background-image":"","background-repeat":"repeat","background-position":"center center","background-size":"auto","background-attachment":"scroll","background-type":"","background-media":"","overlay-type":"","overlay-color":"","overlay-opacity":"","overlay-gradient":""},"mobile":{"background-color":"var(--ast-global-color-5)","background-image":"","background-repeat":"repeat","background-position":"center center","background-size":"auto","background-attachment":"scroll","background-type":"","background-media":"","overlay-type":"","overlay-color":"","overlay-opacity":"","overlay-gradient":""}}},"product_brand":[29],"product_cat":[26],"product_tag":[],"class_list":{"0":"post-3271","1":"product","2":"type-product","3":"status-publish","4":"has-post-thumbnail","6":"product_brand-lifepharm","7":"product_cat-bioskin","8":"desktop-align-center","9":"tablet-align-center","10":"mobile-align-center","12":"first","13":"instock","14":"sale","15":"featured","16":"shipping-taxable","17":"purchasable","18":"product-type-simple"},"jetpack_sharing_enabled":true,"_links":{"self":[{"href":"https:\/\/lifeglobal.ro\/ro\/wp-json\/wp\/v2\/product\/3271","targetHints":{"allow":["GET"]}}],"collection":[{"href":"https:\/\/lifeglobal.ro\/ro\/wp-json\/wp\/v2\/product"}],"about":[{"href":"https:\/\/lifeglobal.ro\/ro\/wp-json\/wp\/v2\/types\/product"}],"replies":[{"embeddable":true,"href":"https:\/\/lifeglobal.ro\/ro\/wp-json\/wp\/v2\/comments?post=3271"}],"wp:featuredmedia":[{"embeddable":true,"href":"https:\/\/lifeglobal.ro\/ro\/wp-json\/wp\/v2\/media\/3586"}],"wp:attachment":[{"href":"https:\/\/lifeglobal.ro\/ro\/wp-json\/wp\/v2\/media?parent=3271"}],"wp:term":[{"taxonomy":"product_brand","embeddable":true,"href":"https:\/\/lifeglobal.ro\/ro\/wp-json\/wp\/v2\/product_brand?post=3271"},{"taxonomy":"product_cat","embeddable":true,"href":"https:\/\/lifeglobal.ro\/ro\/wp-json\/wp\/v2\/product_cat?post=3271"},{"taxonomy":"product_tag","embeddable":true,"href":"https:\/\/lifeglobal.ro\/ro\/wp-json\/wp\/v2\/product_tag?post=3271"}],"curies":[{"name":"wp","href":"https:\/\/api.w.org\/{rel}","templated":true}]}}