{"id":3264,"date":"2025-03-21T21:02:58","date_gmt":"2025-03-21T21:02:58","guid":{"rendered":"https:\/\/lifeglobal.ro\/?post_type=product&#038;p=3264"},"modified":"2026-01-28T12:00:29","modified_gmt":"2026-01-28T12:00:29","slug":"6omnia","status":"publish","type":"product","link":"https:\/\/lifeglobal.ro\/ro\/produs\/6omnia\/","title":{"rendered":"Omnia LifePharm"},"content":{"rendered":"<h5 style=\"text-align: center;\">Omnia LifePharm, supliment natural \u00eengrijire corespunz\u0103toare a pielii, previne \u00eemb\u0103tr\u00e2nirea<\/h5>\n<p>&nbsp;<\/p>\n<p style=\"text-align: center;\">Produse originale LIFEPHARM, provenien\u021b\u0103 Statele Unite ale Americii, livrare cu factur\u0103 fiscal\u0103. Distribuitor oficial Lifepharm, pentru livrare \u00een Europa, U.K., Canada \u0219i USA <a href=\"https:\/\/mylifepharm.com\/lifeglobal\/joinnow\">apas\u0103 aici.<\/a><\/p>\n<pre><strong><em><a href=\"https:\/\/mylifepharm.com\/lifeglobal\/joinnow\">Cump\u0103r\u0103 direct produc\u0103tor LIFEPHARM<\/a><\/em><\/strong><\/pre>\n<p><img fetchpriority=\"high\" decoding=\"async\" class=\"size-medium wp-image-6810 aligncenter\" src=\"https:\/\/globalpharm.ro\/wp-content\/uploads\/2022\/12\/Silviu_LAMININE-298x300.jpeg\" alt=\"Silviu_LAMININE\" width=\"298\" height=\"300\" \/><\/p>\n<h6><\/h6>\n<h6>OMNIA Lifepharm<\/h6>\n<div class=\"woocommerce-tab-item\">\n<div class=\"woocommerce-tab-content\">\n<div class=\"AccordionPanelTab-achievers AccordionPanelTabHover\">\n<p>\u00cengrijirea adecvat\u0103 a pielii este esen\u021bial\u0103 pentru a crea \u0219i men\u021bine s\u0103n\u0103tatea \u0219i vitalitatea aspectului nostru. Dar ceea ce se aplic\u0103 pe piele \u00een fiecare zi nu este suficient. Tot ceea ce se consum\u0103 poate fi reflectat pozitiv sau negativ pe piele; prin urmare, consumul vitaminelor \u0219i substan\u021belor nutritive potrivite \u00een fiecare zi, va asigura pielii dvs.\u00a0 o s\u0103n\u0103tate mai bun\u0103.<\/p>\n<p>\u00cemb\u0103tr\u00e2nirea pielii este vizibil\u0103 mai ales \u00een aspectul fe\u021bei: structura pielii se schimb\u0103 inevitabil odat\u0103 cu \u00eenaintarea \u00een v\u00e2rst\u0103 \u0219i func\u021bionarea celulelor \u00eencetine\u0219te \u00een timp, \u00eencetinind \u0219i circula\u021bia s\u00e2ngelui \u00een piele, deci vor ap\u0103rea ridurile \u0219i pete \u00eentunecate, pierderea elasticit\u0103\u021bii \u0219i pierderea volumului pielii.<\/p>\n<h5>OMNIA Lifepharm, un antioxidant eficient<\/h5>\n<p>Una dintre principalele cauze ale \u00eemb\u0103tr\u00e2nirii este stresul oxidativ, care elibereaz\u0103 radicali liberi, molecule foarte mici care afecteaz\u0103 celulele \u0219i \u021besuturile corpului \u0219i ale pielii. \u00cen acest fel, procesul de \u00eemb\u0103tr\u00e2nire a corpului se accelereaz\u0103, deterior\u00e2nd \u0219i pielea.<\/p>\n<p>\u00cen plus, exist\u0103 cauze externe care contribuie la \u00eemb\u0103tr\u00e2nire: smog, lumina soarelui, consumul de \u021big\u0103ri \u0219i alcool, o diet\u0103 inadecvat\u0103, diverse boli.<\/p>\n<h5>OMNIA Lifepharm \u2013 produs unic si inovator<\/h5>\n<p><strong>OMNIA Lifepharm<\/strong>\u00a0este un produs unic \u0219i inovator, specific pentru \u00eengrijirea \u0219i s\u0103n\u0103tatea pielii, a unghiilor \u0219i a p\u0103rului. Con\u021bine un amestec de ingrediente complet naturale, special formulate pentru a contracara \u0219i preveni toate semnele \u00eemb\u0103tr\u00e2nirii.<\/p>\n<p>Formula unica, ce con\u021bine:<\/p>\n<ul>\n<li>Formula OPT9 brevetat\u0103 de LifePharm, format\u0103 din factori bioactivi de cre\u0219tere a ou\u0103lor, care sunt extra\u0219i din oul fertilizat \u00een a noua zi, singura surs\u0103 de FGF2, factori de cre\u0219tere a fibroblastilor, LOX lisil oxidaz\u0103 \u0219i polipeptide.<\/li>\n<li>Alge Spirulina (surs\u0103 de fier, proteine, antioxidan\u021bi, vitamine B, C, D, E, aminoacizi esen\u021biali, pigmen\u021bi \u0219i fitochimicale) care neutralizeaz\u0103 radicalii liberi;<\/li>\n<li>Flori de trifoi ro\u0219u (surs\u0103 de flavonoide) care ajut\u0103 la \u00eent\u0103rirea vaselor de s\u00e2nge, \u00eencetinind \u00eemb\u0103tr\u00e2nirea cauzat\u0103 de lipsa de estrogen;<\/li>\n<li>Un super complex de vitamina B format din 8 tipuri de vitamine esen\u021biale din grupa B; un complex de super-\u00eentinerire format din acid hialuronic, L-cistein\u0103 \u0219i colagen de pe\u0219te;<\/li>\n<li>O combina\u021bie de antioxidan\u021bi: seleniu, zinc, extract de struguri \u0219i magneziu \u0219i un amestec de plante curative.<\/li>\n<\/ul>\n<p>Toate aceste ingrediente contribuie la s\u0103n\u0103tatea pielii, cresc produc\u021bia celor trei fibre principale care alc\u0103tuiesc pielea:<\/p>\n<ul>\n<li>+ 250% colagen<\/li>\n<li>+ 200% elastin\u0103<\/li>\n<li>+ 300% fibronectin\u0103<\/li>\n<\/ul>\n<p>(surs\u0103: studii \u0219tiin\u021bifice aprobate de Universitatea din Toronto 2016\/2017)<\/p>\n<h5>Beneficii OMNIA :<\/h5>\n<ul>\n<li>Ajut\u0103 la o piele s\u0103n\u0103toas\u0103 \u0219i str\u0103lucitoare.<\/li>\n<li>Protejeaz\u0103 pielea de stresul oxidativ.<\/li>\n<li>Stimuleaz\u0103 cre\u0219terea celulelor pielii.<\/li>\n<li>Promoveaz\u0103 formarea de colagen, elastin\u0103 \u0219i fibronectin\u0103.<\/li>\n<li>Ajut\u0103 la \u00eembun\u0103t\u0103\u021birea hidrat\u0103rii \u0219i elasticit\u0103\u021bii pielii.<\/li>\n<li>Ajut\u0103 la prevenirea ridurilor \u0219i a daunelor provocate de soare prin ap\u0103rarea pielii de foto-\u00eemb\u0103tr\u00e2nire \u0219i expunerea la razele UVB ale pielii.<\/li>\n<li>Combate radicalii liberi.<\/li>\n<li>Sprijin\u0103 cre\u0219terea unghiilor.<\/li>\n<li>Previne unghiile slabe \u0219i fragile.<\/li>\n<li>Fortific\u0103 structurile proteice ale p\u0103rului pentru o mai bun\u0103 structur\u0103, textur\u0103 \u0219i frumuse\u021be.<\/li>\n<li>Este un antioxidant puternic.<\/li>\n<\/ul>\n<p><strong>Dozare zilnica<\/strong>: se recomand\u0103 administrarea unei capsule de dou\u0103 ori pe zi, \u00eentre mese.<\/p>\n<\/div>\n<p>&nbsp;<\/p>\n<\/div>\n<\/div>\n<div class=\"woocommerce-tab-item\">\n<div class=\"woocommerce-tab-content\">\n<div>Administrarea sinergica cu\u00a0Laminine Lifepharm\u00a0potenteaza eficacitatea produsului.<\/div>\n<div>\n<div><b>Toate produsele LIFEPHARM au \u00een compozi\u021bie extractul de ou fertilizat, unic brevetat la nivel mondial.<\/b><\/div>\n<div>\n<div class=\"vc_row wpb_row vc_row-fluid vc_custom_1617695841337\">\n<div class=\"container\">\n<div class=\"row\">\n<div class=\"wpb_column vc_column_container vc_col-sm-12\">\n<div class=\"vc_column-inner\">\n<div class=\"wpb_wrapper\">\n<div class=\"wpb_text_column wpb_content_element\">\n<div class=\"wpb_wrapper\">\n<pre><strong><em><a href=\"https:\/\/mylifepharm.com\/lifeglobal\/joinnow\">Cump\u0103r\u0103 direct produc\u0103tor LIFEPHARM<\/a><\/em><\/strong><\/pre>\n<\/div>\n<\/div>\n<\/div>\n<\/div>\n<\/div>\n<\/div>\n<\/div>\n<\/div>\n<\/div>\n<\/div>\n<\/div>\n<\/div>","protected":false},"excerpt":{"rendered":"<p>&nbsp;<\/p>\n<p>\ud83e\uddd1\u200d\u2695\ufe0f\u00a0<strong><em>Oncoterapeut Silviu Br\u00eenzoi<\/em><\/strong><strong><em>\u00a0<\/em><\/strong>acord\u0103 consultan\u021b\u0103 gratuit\u0103<strong><em>.<\/em><\/strong><br \/>\n\u2705 Produse 100% autentice, provenien\u021b\u0103 Statele Unite ale Americii.<br \/>\n\ud83c\udf0d Importator oficial LifePharm \u00een Europa, comand\u0103 produc\u0103tor\u00a0<a href=\"https:\/\/mylifepharm.com\/lifeglobal\/joinnow\">aici<\/a><br \/>\n\ud83d\udcdc Produsele sunt \u00eenso\u021bite de factur\u0103 fiscal\u0103, garan\u021bie.<br \/>\n\ud83d\uddd3\ufe0f <strong><em><a href=\"https:\/\/lifeglobal.ro\/informatii-si-detalii-produse\/\">Detalii \u0219i informa\u021bii produse.<\/a><\/em><\/strong><\/p>","protected":false},"featured_media":3583,"comment_status":"open","ping_status":"closed","template":"","meta":{"site-sidebar-layout":"default","site-content-layout":"default","ast-site-content-layout":"default","site-content-style":"default","site-sidebar-style":"default","ast-global-header-display":"","ast-banner-title-visibility":"","ast-main-header-display":"","ast-hfb-above-header-display":"","ast-hfb-below-header-display":"","ast-hfb-mobile-header-display":"","site-post-title":"","ast-breadcrumbs-content":"","ast-featured-img":"","footer-sml-layout":"","ast-disable-related-posts":"","theme-transparent-header-meta":"default","adv-header-id-meta":"","stick-header-meta":"","header-above-stick-meta":"","header-main-stick-meta":"","header-below-stick-meta":"","astra-migrate-meta-layouts":"set","ast-page-background-enabled":"default","ast-page-background-meta":{"desktop":{"background-color":"","background-image":"","background-repeat":"repeat","background-position":"center center","background-size":"auto","background-attachment":"scroll","background-type":"","background-media":"","overlay-type":"","overlay-color":"","overlay-opacity":"","overlay-gradient":""},"tablet":{"background-color":"","background-image":"","background-repeat":"repeat","background-position":"center center","background-size":"auto","background-attachment":"scroll","background-type":"","background-media":"","overlay-type":"","overlay-color":"","overlay-opacity":"","overlay-gradient":""},"mobile":{"background-color":"","background-image":"","background-repeat":"repeat","background-position":"center center","background-size":"auto","background-attachment":"scroll","background-type":"","background-media":"","overlay-type":"","overlay-color":"","overlay-opacity":"","overlay-gradient":""}},"ast-content-background-meta":{"desktop":{"background-color":"var(--ast-global-color-5)","background-image":"","background-repeat":"repeat","background-position":"center center","background-size":"auto","background-attachment":"scroll","background-type":"","background-media":"","overlay-type":"","overlay-color":"","overlay-opacity":"","overlay-gradient":""},"tablet":{"background-color":"var(--ast-global-color-5)","background-image":"","background-repeat":"repeat","background-position":"center center","background-size":"auto","background-attachment":"scroll","background-type":"","background-media":"","overlay-type":"","overlay-color":"","overlay-opacity":"","overlay-gradient":""},"mobile":{"background-color":"var(--ast-global-color-5)","background-image":"","background-repeat":"repeat","background-position":"center center","background-size":"auto","background-attachment":"scroll","background-type":"","background-media":"","overlay-type":"","overlay-color":"","overlay-opacity":"","overlay-gradient":""}}},"product_brand":[29],"product_cat":[26],"product_tag":[],"class_list":{"0":"post-3264","1":"product","2":"type-product","3":"status-publish","4":"has-post-thumbnail","6":"product_brand-lifepharm","7":"product_cat-bioskin","8":"desktop-align-center","9":"tablet-align-center","10":"mobile-align-center","12":"first","13":"instock","14":"sale","15":"featured","16":"shipping-taxable","17":"purchasable","18":"product-type-simple"},"jetpack_sharing_enabled":true,"_links":{"self":[{"href":"https:\/\/lifeglobal.ro\/ro\/wp-json\/wp\/v2\/product\/3264","targetHints":{"allow":["GET"]}}],"collection":[{"href":"https:\/\/lifeglobal.ro\/ro\/wp-json\/wp\/v2\/product"}],"about":[{"href":"https:\/\/lifeglobal.ro\/ro\/wp-json\/wp\/v2\/types\/product"}],"replies":[{"embeddable":true,"href":"https:\/\/lifeglobal.ro\/ro\/wp-json\/wp\/v2\/comments?post=3264"}],"wp:featuredmedia":[{"embeddable":true,"href":"https:\/\/lifeglobal.ro\/ro\/wp-json\/wp\/v2\/media\/3583"}],"wp:attachment":[{"href":"https:\/\/lifeglobal.ro\/ro\/wp-json\/wp\/v2\/media?parent=3264"}],"wp:term":[{"taxonomy":"product_brand","embeddable":true,"href":"https:\/\/lifeglobal.ro\/ro\/wp-json\/wp\/v2\/product_brand?post=3264"},{"taxonomy":"product_cat","embeddable":true,"href":"https:\/\/lifeglobal.ro\/ro\/wp-json\/wp\/v2\/product_cat?post=3264"},{"taxonomy":"product_tag","embeddable":true,"href":"https:\/\/lifeglobal.ro\/ro\/wp-json\/wp\/v2\/product_tag?post=3264"}],"curies":[{"name":"wp","href":"https:\/\/api.w.org\/{rel}","templated":true}]}}