{"id":3226,"date":"2025-03-21T19:58:51","date_gmt":"2025-03-21T19:58:51","guid":{"rendered":"https:\/\/lifeglobal.ro\/?post_type=product&#038;p=3226"},"modified":"2026-01-28T12:00:29","modified_gmt":"2026-01-28T12:00:29","slug":"digestive30","status":"publish","type":"product","link":"https:\/\/lifeglobal.ro\/ro\/produs\/digestive30\/","title":{"rendered":"Digestive+++ LifePharm 30 capsule"},"content":{"rendered":"<h5 style=\"text-align: center;\">Digestive+++ LifePharm, flacon de 30 capsule, activare celule steam, supliment natural alimentar 100% natural, ob\u021binut din ou\u0103 de g\u0103in\u0103 fertilizate<\/h5>\n<p>&nbsp;<\/p>\n<p style=\"text-align: center;\">Produse originale LIFEPHARM, provenien\u021b\u0103 Statele Unite ale Americii, livrare cu factur\u0103 fiscal\u0103. Distribuitor oficial Lifepharm, pentru livrare \u00een Europa, U.K., Canada \u0219i USA <a href=\"https:\/\/mylifepharm.com\/lifeglobal\/joinnow\">apas\u0103 aici.<\/a><\/p>\n<pre><strong><em><a href=\"https:\/\/mylifepharm.com\/lifeglobal\/joinnow\">Cump\u0103r\u0103 direct produc\u0103tor LIFEPHARM<\/a><\/em><\/strong><\/pre>\n<p><img fetchpriority=\"high\" decoding=\"async\" class=\"size-medium wp-image-6810 aligncenter\" src=\"https:\/\/globalpharm.ro\/wp-content\/uploads\/2022\/12\/Silviu_LAMININE-298x300.jpeg\" alt=\"Silviu_LAMININE\" width=\"298\" height=\"300\" \/><\/p>\n<h5 style=\"text-align: center;\" data-start=\"1601\" data-end=\"1979\"><\/h5>\n<hr data-start=\"1557\" data-end=\"1560\" \/>\n<h6>Ingrediente: OPT-9 (extract de ou fertilizat), probiotic, prebiotic( anghinare de Jerusalem, frunze de papadie, radacina de yucon), 11 enzime digestive (amilaze, proteaze, lipaze s.a.).<\/h6>\n<p><em><strong>DIGESTIVE +++<\/strong> <\/em>are o formula unica cu<strong>\u00a0ingrediente 100% naturale<\/strong>, care combin\u0103 un probiotic stabil, un amestec prebiotic \u0219i un blend enzimatic complet. Promoveaz\u0103 o functie intestinala s\u0103n\u0103toasa, combate balonarea, crampele si indigestia \u0219i \u00eembun\u0103t\u0103\u021be\u0219te rapid absorb\u021bia nutrien\u021bilor.<\/p>\n<p>Produsul este parte esentiala a schemei mondiale de tratament alternativ, natural in bolile neoplazice.<\/p>\n<p>Se folose\u0219te un probiotic, Bacillus Coagulans, un spor care \u00eei permite s\u0103 supravie\u021buiasc\u0103 enzimelor digestive \u0219i \u201eacizilor gastrici\u201d p\u00e2n\u0103 ajunge \u00een tractul digestiv inferior. Studiile au ar\u0103tat c\u0103 acest probiotic \u00eent\u0103re\u0219te integritatea mucoasei colonului. Probioticele sunt bacterii intestinale \u201ebune\u201d care ajut\u0103 la prevenirea prolifer\u0103rii bacteriilor d\u0103un\u0103toare \u0219i promoveaz\u0103 produc\u021bia natural\u0103 a enzimelor necesare.<\/p>\n<p>Prebioticul prezent \u00een DIGESTIVE +++ este un amestec concentrat de fructo-oligozaharide cu lan\u021b scurt, anghinare, frunze de p\u0103p\u0103die \u0219i r\u0103d\u0103cin\u0103 de Yacon. Prebioticele sunt alimente esen\u021biale pentru bacteriile intestinale bune.<\/p>\n<p>Utilizarea probioticelor \u0219i prebioticelor \u00eempreun\u0103 dezvolta coloniile de bacteriile \u201ebune\u201d, \u00eembun\u0103t\u0103\u021bind mucoasa tractului digestiv, a colonului \u0219i s\u0103n\u0103tatea general\u0103 a intestinelor.<\/p>\n<p>DIGESTIVE +++ con\u021bine un amestec enzimatic complet pentru a ajuta organismul s\u0103 descompun\u0103 proteinele, carbohidra\u021bii, lactoza (zah\u0103rul din lapte) \u0219i gr\u0103simile, pentru a maximiza beneficiile acestora.<\/p>\n<p>Prin urmare, acest supliment \u00eembun\u0103t\u0103\u021be\u0219te s\u0103n\u0103tatea intestinului, ajut\u0103 la diminuarea simptomelor de indigestie \u0219i balonare, \u00eembun\u0103t\u0103\u021be\u0219te absorb\u021bia nutrien\u021bilor esen\u021biali pentru organism.<\/p>\n<div>Administrarea \u00eempreun\u0103 cu Laminine potenteaza semnificativ eficacitatea produsului.<\/div>\n<div><b>Toate produsele LIFEPHARM au \u00een compozi\u021bie extractul de ou fertilizat, unic brevetat la nivel mondial.<\/b><\/div>\n<div>\n<div class=\"vc_row wpb_row vc_row-fluid vc_custom_1617695841337\">\n<div class=\"container\">\n<div class=\"row\">\n<div class=\"wpb_column vc_column_container vc_col-sm-12\">\n<div class=\"vc_column-inner\">\n<div class=\"wpb_wrapper\">\n<div class=\"wpb_text_column wpb_content_element\">\n<div class=\"wpb_wrapper\">\n<pre><strong><em><a href=\"https:\/\/mylifepharm.com\/lifeglobal\/joinnow\">Cump\u0103r\u0103 direct produc\u0103tor LIFEPHARM<\/a><\/em><\/strong><\/pre>\n<\/div>\n<\/div>\n<\/div>\n<\/div>\n<\/div>\n<\/div>\n<\/div>\n<\/div>\n<\/div>","protected":false},"excerpt":{"rendered":"<p>&nbsp;<\/p>\n<p>\ud83e\uddd1\u200d\u2695\ufe0f\u00a0<strong><em>Oncoterapeut Silviu Br\u00eenzoi<\/em><\/strong><strong><em>\u00a0<\/em><\/strong>acord\u0103 consultan\u021b\u0103 gratuit\u0103<strong><em>.<\/em><\/strong><br \/>\n\u2705 Produse 100% autentice, provenien\u021b\u0103 Statele Unite ale Americii.<br \/>\n\ud83c\udf0d Importator oficial LifePharm \u00een Europa, comand\u0103 produc\u0103tor\u00a0<a href=\"https:\/\/mylifepharm.com\/lifeglobal\/joinnow\">aici<\/a><br \/>\n\ud83d\udcdc Produsele sunt \u00eenso\u021bite de factur\u0103 fiscal\u0103, garan\u021bie.<br \/>\n\ud83d\uddd3\ufe0f <strong><em><a href=\"https:\/\/lifeglobal.ro\/informatii-si-detalii-produse\/\">Detalii \u0219i informa\u021bii produse.<\/a><\/em><\/strong><\/p>","protected":false},"featured_media":3617,"comment_status":"open","ping_status":"closed","template":"","meta":{"site-sidebar-layout":"default","site-content-layout":"default","ast-site-content-layout":"default","site-content-style":"default","site-sidebar-style":"default","ast-global-header-display":"","ast-banner-title-visibility":"","ast-main-header-display":"","ast-hfb-above-header-display":"","ast-hfb-below-header-display":"","ast-hfb-mobile-header-display":"","site-post-title":"","ast-breadcrumbs-content":"","ast-featured-img":"","footer-sml-layout":"","ast-disable-related-posts":"","theme-transparent-header-meta":"default","adv-header-id-meta":"","stick-header-meta":"","header-above-stick-meta":"","header-main-stick-meta":"","header-below-stick-meta":"","astra-migrate-meta-layouts":"set","ast-page-background-enabled":"default","ast-page-background-meta":{"desktop":{"background-color":"","background-image":"","background-repeat":"repeat","background-position":"center center","background-size":"auto","background-attachment":"scroll","background-type":"","background-media":"","overlay-type":"","overlay-color":"","overlay-opacity":"","overlay-gradient":""},"tablet":{"background-color":"","background-image":"","background-repeat":"repeat","background-position":"center center","background-size":"auto","background-attachment":"scroll","background-type":"","background-media":"","overlay-type":"","overlay-color":"","overlay-opacity":"","overlay-gradient":""},"mobile":{"background-color":"","background-image":"","background-repeat":"repeat","background-position":"center center","background-size":"auto","background-attachment":"scroll","background-type":"","background-media":"","overlay-type":"","overlay-color":"","overlay-opacity":"","overlay-gradient":""}},"ast-content-background-meta":{"desktop":{"background-color":"var(--ast-global-color-5)","background-image":"","background-repeat":"repeat","background-position":"center center","background-size":"auto","background-attachment":"scroll","background-type":"","background-media":"","overlay-type":"","overlay-color":"","overlay-opacity":"","overlay-gradient":""},"tablet":{"background-color":"var(--ast-global-color-5)","background-image":"","background-repeat":"repeat","background-position":"center center","background-size":"auto","background-attachment":"scroll","background-type":"","background-media":"","overlay-type":"","overlay-color":"","overlay-opacity":"","overlay-gradient":""},"mobile":{"background-color":"var(--ast-global-color-5)","background-image":"","background-repeat":"repeat","background-position":"center center","background-size":"auto","background-attachment":"scroll","background-type":"","background-media":"","overlay-type":"","overlay-color":"","overlay-opacity":"","overlay-gradient":""}}},"product_brand":[29],"product_cat":[25],"product_tag":[],"class_list":{"0":"post-3226","1":"product","2":"type-product","3":"status-publish","4":"has-post-thumbnail","6":"product_brand-lifepharm","7":"product_cat-suplimente","8":"desktop-align-center","9":"tablet-align-center","10":"mobile-align-center","12":"first","13":"instock","14":"sale","15":"featured","16":"shipping-taxable","17":"purchasable","18":"product-type-simple"},"jetpack_sharing_enabled":true,"_links":{"self":[{"href":"https:\/\/lifeglobal.ro\/ro\/wp-json\/wp\/v2\/product\/3226","targetHints":{"allow":["GET"]}}],"collection":[{"href":"https:\/\/lifeglobal.ro\/ro\/wp-json\/wp\/v2\/product"}],"about":[{"href":"https:\/\/lifeglobal.ro\/ro\/wp-json\/wp\/v2\/types\/product"}],"replies":[{"embeddable":true,"href":"https:\/\/lifeglobal.ro\/ro\/wp-json\/wp\/v2\/comments?post=3226"}],"wp:featuredmedia":[{"embeddable":true,"href":"https:\/\/lifeglobal.ro\/ro\/wp-json\/wp\/v2\/media\/3617"}],"wp:attachment":[{"href":"https:\/\/lifeglobal.ro\/ro\/wp-json\/wp\/v2\/media?parent=3226"}],"wp:term":[{"taxonomy":"product_brand","embeddable":true,"href":"https:\/\/lifeglobal.ro\/ro\/wp-json\/wp\/v2\/product_brand?post=3226"},{"taxonomy":"product_cat","embeddable":true,"href":"https:\/\/lifeglobal.ro\/ro\/wp-json\/wp\/v2\/product_cat?post=3226"},{"taxonomy":"product_tag","embeddable":true,"href":"https:\/\/lifeglobal.ro\/ro\/wp-json\/wp\/v2\/product_tag?post=3226"}],"curies":[{"name":"wp","href":"https:\/\/api.w.org\/{rel}","templated":true}]}}