{"id":3718,"date":"2025-03-24T16:17:27","date_gmt":"2025-03-24T16:17:27","guid":{"rendered":"https:\/\/lifeglobal.ro\/?page_id=3718"},"modified":"2025-04-18T14:24:26","modified_gmt":"2025-04-18T14:24:26","slug":"retur","status":"publish","type":"page","link":"https:\/\/lifeglobal.ro\/ro\/retur\/","title":{"rendered":"Politica retur"},"content":{"rendered":"\t\t<div data-elementor-type=\"wp-page\" data-elementor-id=\"3718\" class=\"elementor elementor-3718\" data-elementor-post-type=\"page\">\n\t\t\t\t<div class=\"elementor-element elementor-element-5b6d238 e-flex e-con-boxed e-con e-parent\" data-id=\"5b6d238\" data-element_type=\"container\" data-e-type=\"container\">\n\t\t\t\t\t<div class=\"e-con-inner\">\n\t\t\t\t<div class=\"elementor-element elementor-element-eea4167 elementor-widget elementor-widget-heading\" data-id=\"eea4167\" data-element_type=\"widget\" data-e-type=\"widget\" data-widget_type=\"heading.default\">\n\t\t\t\t<div class=\"elementor-widget-container\">\n\t\t\t\t\t<h2 class=\"elementor-heading-title elementor-size-default\"><br>Politica de retur \u0219i ramburs<br><\/h2>\t\t\t\t<\/div>\n\t\t\t\t<\/div>\n\t\t\t\t\t<\/div>\n\t\t\t\t<\/div>\n\t\t<div class=\"elementor-element elementor-element-a61ac78 e-flex e-con-boxed e-con e-parent\" data-id=\"a61ac78\" data-element_type=\"container\" data-e-type=\"container\">\n\t\t\t\t\t<div class=\"e-con-inner\">\n\t\t\t\t<div class=\"elementor-element elementor-element-f770a89 elementor-widget elementor-widget-text-editor\" data-id=\"f770a89\" data-element_type=\"widget\" data-e-type=\"widget\" data-widget_type=\"text-editor.default\">\n\t\t\t\t<div class=\"elementor-widget-container\">\n\t\t\t\t\t\t\t\t\t<h4 class=\"wp-block-heading\">POLITICA GENERAL\u0102<\/h4><p>Conform Oug nr. 34\/2014 privind drepturile consumatorilor, acesta are dreptul s\u0103 notifice \u00een scris comerciantul c\u0103 renun\u021b\u0103 la cump\u0103rare (c\u0103 vrea s\u0103 returneze par\u021bial sau total), f\u0103r\u0103 penalit\u0103\u021bi \u0219i f\u0103r\u0103 invocarea unui motiv, \u00een termen de 14 zile calendaristice de la primirea produsului sau, \u00een cazul prest\u0103rilor de servicii, de la \u00eencheierea contractului, emiterea facturii.<\/p><p>Consumatorul nu poate denun\u021ba unilateral (nu poate returna), \u00een condi\u021biile art. 16, lit. d), e), f), OUG 34\/2014, contracte de furnizare a unor produse care, prin natura lor, nu pot fi returnate (de exemplu: suplimente desigilate, produse cosmetice desigilate, testate) sau care se pot degrada ori deteriora rapid.<\/p><p>Telefonul firmei pentru sesizare, returnare: 0735.877.777 Adresa: Drumul Gura Calitei, Nr 4-32, Sector 3, Bucure\u0219ti, cod 032604.<\/p><p>Din motive de igien\u0103 \u0219i protec\u021bie a s\u0103n\u0103t\u0103\u021bii, produsele desigilate nu se primesc retur.<\/p><p>Puteti solicita returul de produse \u00een urm\u0103toarele cazuri:<\/p><p>&#8211; Produsul livrat nu corespunde specifica\u021biilor din site.<\/p><p>&#8211; Pute\u021bi solicita returnarea acestuia pentru \u00eenlocuire sau rambursare integral\u0103 a contravalorii (\u00een cazul \u00een care produsul nu mai este disponibil).<\/p><p>&#8211; Produs nefunc\u021bional \u00een primele 48 ore de la recep\u021bie (aparate \u0219i echipamente).<\/p><p>&#8211; \u00cen cazul \u00een care produsul achizi\u021bionat a fost livrat nefunc\u021bional sau prezint\u0103 vicii de fabrica\u021bie, acesta va fi \u00eenlocuit cu un produs func\u021bional, \u00een urma notific\u0103rii scrise \u00een termen de 48 de ore de la primirea produsului.<\/p><p>&#8211; Produs \u00een colet deteriorat.<\/p><p>&#8211; Pentru produsele ale c\u0103ror colete prezint\u0103 deteriorari vizibile la primirea prin curier, v\u0103 recomand\u0103m s\u0103 refuza\u021bi recep\u021bia lor.<\/p><p>&#8211; Pentru dovezi, coletul poate fi fotografiat si se poate intocmi un proces verbal impreuna cu reprezentantul firmei de curierat, in care sa fie mentionata starea coletului din momentul livrarii.<\/p><p>&#8211; Riscul de pierdere sau de deteriorare a produselor va este transferat integral \u00een momentul \u00een care intra\u021bi \u00een posesia fizic\u0103 a produsului.<\/p><h6>Orice reclama\u021bie ulterioar\u0103 nu va fi luat\u0103 \u00een considerare.<\/h6><p>Politica noastr\u0103 de rambursare \u0219i returnare dureaz\u0103 30 de zile. Dac\u0103 au trecut 30 de zile de la achizi\u021bie, nu v\u0103 putem oferi o rambursare complet\u0103 sau un schimb.<\/p><p>Pentru a fi eligibil de retur, articolul dumneavoastr\u0103 trebuie s\u0103 fie nefolosit \u0219i \u00een aceea\u0219i stare \u00een care l-a\u021bi primit. De asemenea, trebuie s\u0103 fie \u00een ambalajul original.<\/p><p>Articole suplimentare care nu pot fi returnate:<\/p><p>-Carduri cadou<br \/>-Produse software desc\u0103rcabile<br \/>-Unele articole de s\u0103n\u0103tate \u0219i \u00eengrijire personal\u0103<br \/>-Pentru a finaliza returnarea, avem nevoie de o chitan\u021b\u0103 sau o dovad\u0103 de cump\u0103rare.<\/p><p>-Orice articol care nu se afl\u0103 \u00een starea sa original\u0103, este deteriorat sau lipse\u0219te piese din motive care nu se datoreaz\u0103 erorii noastre.<br \/>-Orice articol care este returnat la mai mult de 30 de zile de la livrare.<\/p><h5>\u00a0<\/h5><h5 class=\"wp-block-heading\">Rambursare<\/h5><p>Odat\u0103 ce returnarea dvs. este primit\u0103 \u0219i inspectat\u0103, v\u0103 vom trimite un e-mail pentru a v\u0103 anun\u021ba c\u0103 am primit articolul returnat. De asemenea, v\u0103 vom anun\u021ba cu privire la aprobarea sau respingerea ramburs\u0103rii.<\/p><p>Dac\u0103 a fost aprobat\u0103, rambursarea dvs. va fi procesat\u0103 \u0219i un credit va fi aplicat automat cardului dvs. de credit sau metodei ini\u021biale de plat\u0103, \u00eentr-un anumit num\u0103r de zile.<\/p><p>Ramburs\u0103ri \u00eent\u00e2rziate sau lips\u0103<\/p><p>Dac\u0103 nu a\u021bi primit \u00eenc\u0103 o rambursare, mai \u00eent\u00e2i verifica\u021bi din nou contul dvs. bancar.<\/p><p>Apoi contacta\u021bi compania dvs. de card de credit, poate dura ceva timp p\u00e2n\u0103 c\u00e2nd rambursarea dvs. este publicat\u0103 oficial.<\/p><p>Apoi contacta\u021bi banca dvs. Exist\u0103 adesea un timp de procesare \u00eenainte ca o rambursare s\u0103 fie postat\u0103.<\/p><p>Dac\u0103 a\u021bi f\u0103cut toate acestea \u0219i \u00eenc\u0103 nu a\u021bi primit rambursarea, v\u0103 rug\u0103m s\u0103 ne contacta\u021bi la contact@globalpharm.ro.<\/p><h6>Percepem o tax\u0103 de manipulare de 150 lei la returnare.<\/h6><h5>\u00a0<\/h5><h5><strong>Produse cu pre\u021b redus<\/strong><\/h5><p>Numai articolele cu pre\u021b obi\u0219nuit pot fi rambursate. Articolele v\u00e2ndute la promo\u021bie nu pot fi rambursate.<\/p><h5>\u00a0<\/h5><h5 class=\"wp-block-heading\">Schimburi<\/h5><p>\u00cenlocuim articolele numai dac\u0103 sunt defecte sau deteriorate. Dac\u0103 trebuie s\u0103 \u00eel schimba\u021bi cu acela\u0219i articol, scrie\u021bi-ne un e-mail la contact@lifeglobal.ro \u0219i trimite\u021bi articolul dvs. la: S.C. ANY PROJECT SOLUTIONS S.R.L (Bucure\u0219ti, Drumul Gura Cali\u021bei, Nr 4-32, Sector 3).<\/p><h5 class=\"wp-block-heading\">Cadouri<\/h5><p>Dac\u0103 articolul a fost marcat ca cadou c\u00e2nd a fost cump\u0103rat \u0219i expediat direct c\u0103tre dvs., ve\u021bi primi un credit cadou pentru valoarea return\u0103rii dvs. Odat\u0103 ce articolul returnat este primit, vi se va trimite un certificat cadou.<\/p><p>\u00cen cazul \u00een care articolul nu a fost marcat ca cadou la cump\u0103rare, sau persoana care a primit cadoul a primit comanda pentru a vi-o oferi mai t\u00e2rziu, vom trimite o rambursare celui care a oferit cadoul \u0219i acesta va afla despre returnarea dvs.<\/p><h5>\u00a0<\/h5><h5 class=\"wp-block-heading\">Livrare retururi<\/h5><p>Pentru a v\u0103 returna produsul, trebuie s\u0103 v\u0103 trimite\u021bi produsul la: S.C. ANY PROJECT SOLUTIONS S.R.L (Bucure\u0219ti, Drumul Gura Cali\u021bei, Nr 4-32, Sector 3).<\/p><p>Ve\u021bi fi responsabil pentru plata propriilor costuri de transport pentru returnarea articolului. Costurile de transport sunt nerambursabile. Dac\u0103 primi\u021bi o rambursare, costul transportului de retur va fi dedus din rambursare.<\/p><p>\u00cen func\u021bie de locul \u00een care locui\u021bi, timpul necesar pentru ca produsul dvs. schimbat s\u0103 ajung\u0103 la dvs. poate varia.<\/p><p>Dac\u0103 returna\u021bi articole mai scumpe, v\u0103 recomand\u0103m s\u0103 utiliza\u021bi un serviciu de expediere urm\u0103ribil sau s\u0103 cump\u0103ra\u021bi o asigurare de transport. Nu v\u0103 garant\u0103m c\u0103 vom primi articolul returnat.<\/p><p>Pentru returnarea unui produs trebuie sa fie \u00eendeplinite urm\u0103toarele condi\u021bii:<\/p><p>\u2022 Produsele nu trebuie s\u0103 prezinte urme de utilizare<\/p><p>\u2022 Produsele sunt obligatoriu returnate \u00een ambalajul original (ambalajul intact \u00een care au fost achizi\u021bionate), cu toate accesoriile \u0219i eticheta integre (f\u0103r\u0103 urme de utilizare, deteriorare, lovire);<\/p><p>\u2022 Produsele nu prezint\u0103 defec\u021biuni, urme de lovire sau deteriorare<\/p><p>\u2022 Produsele nu dep\u0103\u0219esc termenul de 14 de zile de la data achizi\u021biei<\/p><p>\u2022 Produsele sunt \u00een termenul de valabilitate.<\/p><h5>\u00a0<\/h5><h5 class=\"wp-block-heading\">Ai nevoie de ajutor?<\/h5><p>Contacta\u021bi-ne la contact@lifeglobal.ro pentru \u00eentreb\u0103ri legate de ramburs\u0103ri \u0219i return\u0103ri.<\/p>\t\t\t\t\t\t\t\t<\/div>\n\t\t\t\t<\/div>\n\t\t\t\t\t<\/div>\n\t\t\t\t<\/div>\n\t\t<div class=\"elementor-element elementor-element-885c832 e-flex e-con-boxed e-con e-parent\" data-id=\"885c832\" data-element_type=\"container\" data-e-type=\"container\">\n\t\t\t\t\t<div class=\"e-con-inner\">\n\t\t\t\t<div class=\"elementor-element elementor-element-be29175 elementor-button-align-stretch elementor-widget elementor-widget-form\" data-id=\"be29175\" data-element_type=\"widget\" data-e-type=\"widget\" data-settings=\"{&quot;step_next_label&quot;:&quot;Next&quot;,&quot;step_previous_label&quot;:&quot;Previous&quot;,&quot;button_width&quot;:&quot;100&quot;,&quot;step_type&quot;:&quot;number_text&quot;,&quot;step_icon_shape&quot;:&quot;circle&quot;}\" data-widget_type=\"form.default\">\n\t\t\t\t<div class=\"elementor-widget-container\">\n\t\t\t\t\t\t\t<form class=\"elementor-form\" method=\"post\" name=\"returtare\" aria-label=\"returtare\">\n\t\t\t<input type=\"hidden\" name=\"post_id\" value=\"3718\"\/>\n\t\t\t<input type=\"hidden\" name=\"form_id\" value=\"be29175\"\/>\n\t\t\t<input type=\"hidden\" name=\"referer_title\" value=\"Politica retur -\" \/>\n\n\t\t\t\t\t\t\t<input type=\"hidden\" name=\"queried_id\" value=\"3718\"\/>\n\t\t\t\n\t\t\t<div class=\"elementor-form-fields-wrapper elementor-labels-above\">\n\t\t\t\t\t\t\t\t<div class=\"elementor-field-type-text elementor-field-group elementor-column elementor-field-group-name elementor-col-100 elementor-field-required\">\n\t\t\t\t\t\t\t\t\t\t\t\t<label for=\"form-field-name\" class=\"elementor-field-label\">\n\t\t\t\t\t\t\t\tNume, premune:\t\t\t\t\t\t\t<\/label>\n\t\t\t\t\t\t\t\t\t\t\t\t\t\t<input size=\"1\" type=\"text\" name=\"form_fields[name]\" id=\"form-field-name\" class=\"elementor-field elementor-size-sm  elementor-field-textual\" placeholder=\"Nume, premune\" required=\"required\">\n\t\t\t\t\t\t\t\t\t\t\t<\/div>\n\t\t\t\t\t\t\t\t<div class=\"elementor-field-type-text elementor-field-group elementor-column elementor-field-group-field_df4d070 elementor-col-100\">\n\t\t\t\t\t\t\t\t\t\t\t\t<label for=\"form-field-field_df4d070\" class=\"elementor-field-label\">\n\t\t\t\t\t\t\t\tComand\u0103 num\u0103r:\t\t\t\t\t\t\t<\/label>\n\t\t\t\t\t\t\t\t\t\t\t\t\t\t<input size=\"1\" type=\"text\" name=\"form_fields[field_df4d070]\" id=\"form-field-field_df4d070\" class=\"elementor-field elementor-size-sm  elementor-field-textual\" placeholder=\"Comand\u0103 num\u0103r\">\n\t\t\t\t\t\t\t\t\t\t\t<\/div>\n\t\t\t\t\t\t\t\t<div class=\"elementor-field-type-text elementor-field-group elementor-column elementor-field-group-field_d8c6b18 elementor-col-100 elementor-field-required\">\n\t\t\t\t\t\t\t\t\t\t\t\t<label for=\"form-field-field_d8c6b18\" class=\"elementor-field-label\">\n\t\t\t\t\t\t\t\tAdres\u0103:\t\t\t\t\t\t\t<\/label>\n\t\t\t\t\t\t\t\t\t\t\t\t\t\t<input size=\"1\" type=\"text\" name=\"form_fields[field_d8c6b18]\" id=\"form-field-field_d8c6b18\" class=\"elementor-field elementor-size-sm  elementor-field-textual\" placeholder=\"Adres\u0103\" required=\"required\">\n\t\t\t\t\t\t\t\t\t\t\t<\/div>\n\t\t\t\t\t\t\t\t<div class=\"elementor-field-type-text elementor-field-group elementor-column elementor-field-group-field_4f74222 elementor-col-100 elementor-field-required\">\n\t\t\t\t\t\t\t\t\t\t\t\t<label for=\"form-field-field_4f74222\" class=\"elementor-field-label\">\n\t\t\t\t\t\t\t\tTelefon:\t\t\t\t\t\t\t<\/label>\n\t\t\t\t\t\t\t\t\t\t\t\t\t\t<input size=\"1\" type=\"text\" name=\"form_fields[field_4f74222]\" id=\"form-field-field_4f74222\" class=\"elementor-field elementor-size-sm  elementor-field-textual\" placeholder=\"Telefon:\" required=\"required\">\n\t\t\t\t\t\t\t\t\t\t\t<\/div>\n\t\t\t\t\t\t\t\t<div class=\"elementor-field-type-email elementor-field-group elementor-column elementor-field-group-email elementor-col-100 elementor-field-required\">\n\t\t\t\t\t\t\t\t\t\t\t\t<label for=\"form-field-email\" class=\"elementor-field-label\">\n\t\t\t\t\t\t\t\tEmail\t\t\t\t\t\t\t<\/label>\n\t\t\t\t\t\t\t\t\t\t\t\t\t\t<input size=\"1\" type=\"email\" name=\"form_fields[email]\" id=\"form-field-email\" class=\"elementor-field elementor-size-sm  elementor-field-textual\" placeholder=\"Email\" required=\"required\">\n\t\t\t\t\t\t\t\t\t\t\t<\/div>\n\t\t\t\t\t\t\t\t<div class=\"elementor-field-type-text elementor-field-group elementor-column elementor-field-group-field_987a526 elementor-col-100 elementor-field-required\">\n\t\t\t\t\t\t\t\t\t\t\t\t<label for=\"form-field-field_987a526\" class=\"elementor-field-label\">\n\t\t\t\t\t\t\t\tCont IBAN:\t\t\t\t\t\t\t<\/label>\n\t\t\t\t\t\t\t\t\t\t\t\t\t\t<input size=\"1\" type=\"text\" name=\"form_fields[field_987a526]\" id=\"form-field-field_987a526\" class=\"elementor-field elementor-size-sm  elementor-field-textual\" placeholder=\"Cont IBAN\" required=\"required\">\n\t\t\t\t\t\t\t\t\t\t\t<\/div>\n\t\t\t\t\t\t\t\t<div class=\"elementor-field-type-textarea elementor-field-group elementor-column elementor-field-group-message elementor-col-100\">\n\t\t\t\t\t\t\t\t\t\t\t\t<label for=\"form-field-message\" class=\"elementor-field-label\">\n\t\t\t\t\t\t\t\tMesaj op\u021bional:\t\t\t\t\t\t\t<\/label>\n\t\t\t\t\t\t<textarea class=\"elementor-field-textual elementor-field  elementor-size-sm\" name=\"form_fields[message]\" id=\"form-field-message\" rows=\"4\" placeholder=\"Mesaj op\u021bional\"><\/textarea>\t\t\t\t<\/div>\n\t\t\t\t\t\t\t\t<div class=\"elementor-field-group elementor-column elementor-field-type-submit elementor-col-100 e-form__buttons\">\n\t\t\t\t\t<button class=\"elementor-button elementor-size-md\" type=\"submit\">\n\t\t\t\t\t\t<span class=\"elementor-button-content-wrapper\">\n\t\t\t\t\t\t\t\t\t\t\t\t\t\t\t\t\t\t\t\t\t\t<span class=\"elementor-button-text\">Trimite solicitarea<\/span>\n\t\t\t\t\t\t\t\t\t\t\t\t\t<\/span>\n\t\t\t\t\t<\/button>\n\t\t\t\t<\/div>\n\t\t\t<\/div>\n\t\t<\/form>\n\t\t\t\t\t\t<\/div>\n\t\t\t\t<\/div>\n\t\t\t\t\t<\/div>\n\t\t\t\t<\/div>\n\t\t\t\t<\/div>\n\t\t","protected":false},"excerpt":{"rendered":"<p>Politica de retur \u0219i ramburs POLITICA GENERAL\u0102 Conform Oug nr. 34\/2014 privind drepturile consumatorilor, acesta are dreptul s\u0103 notifice \u00een scris comerciantul c\u0103 renun\u021b\u0103 la cump\u0103rare (c\u0103 vrea s\u0103 returneze par\u021bial sau total), f\u0103r\u0103 penalit\u0103\u021bi \u0219i f\u0103r\u0103 invocarea unui motiv, \u00een termen de 14 zile calendaristice de la primirea produsului sau, \u00een cazul prest\u0103rilor de [&hellip;]<\/p>\n","protected":false},"author":2,"featured_media":0,"parent":0,"menu_order":0,"comment_status":"closed","ping_status":"closed","template":"","meta":{"site-sidebar-layout":"no-sidebar","site-content-layout":"page-builder","ast-site-content-layout":"full-width-container","site-content-style":"default","site-sidebar-style":"default","ast-global-header-display":"","ast-banner-title-visibility":"","ast-main-header-display":"","ast-hfb-above-header-display":"","ast-hfb-below-header-display":"","ast-hfb-mobile-header-display":"","site-post-title":"disabled","ast-breadcrumbs-content":"","ast-featured-img":"disabled","footer-sml-layout":"","ast-disable-related-posts":"","theme-transparent-header-meta":"","adv-header-id-meta":"","stick-header-meta":"","header-above-stick-meta":"","header-main-stick-meta":"","header-below-stick-meta":"","astra-migrate-meta-layouts":"set","ast-page-background-enabled":"default","ast-page-background-meta":{"desktop":{"background-color":"","background-image":"","background-repeat":"repeat","background-position":"center center","background-size":"auto","background-attachment":"scroll","background-type":"","background-media":"","overlay-type":"","overlay-color":"","overlay-opacity":"","overlay-gradient":""},"tablet":{"background-color":"","background-image":"","background-repeat":"repeat","background-position":"center center","background-size":"auto","background-attachment":"scroll","background-type":"","background-media":"","overlay-type":"","overlay-color":"","overlay-opacity":"","overlay-gradient":""},"mobile":{"background-color":"","background-image":"","background-repeat":"repeat","background-position":"center center","background-size":"auto","background-attachment":"scroll","background-type":"","background-media":"","overlay-type":"","overlay-color":"","overlay-opacity":"","overlay-gradient":""}},"ast-content-background-meta":{"desktop":{"background-color":"var(--ast-global-color-5)","background-image":"","background-repeat":"repeat","background-position":"center center","background-size":"auto","background-attachment":"scroll","background-type":"","background-media":"","overlay-type":"","overlay-color":"","overlay-opacity":"","overlay-gradient":""},"tablet":{"background-color":"var(--ast-global-color-5)","background-image":"","background-repeat":"repeat","background-position":"center center","background-size":"auto","background-attachment":"scroll","background-type":"","background-media":"","overlay-type":"","overlay-color":"","overlay-opacity":"","overlay-gradient":""},"mobile":{"background-color":"var(--ast-global-color-5)","background-image":"","background-repeat":"repeat","background-position":"center center","background-size":"auto","background-attachment":"scroll","background-type":"","background-media":"","overlay-type":"","overlay-color":"","overlay-opacity":"","overlay-gradient":""}},"footnotes":""},"class_list":["post-3718","page","type-page","status-publish","hentry"],"jetpack_sharing_enabled":true,"_links":{"self":[{"href":"https:\/\/lifeglobal.ro\/ro\/wp-json\/wp\/v2\/pages\/3718","targetHints":{"allow":["GET"]}}],"collection":[{"href":"https:\/\/lifeglobal.ro\/ro\/wp-json\/wp\/v2\/pages"}],"about":[{"href":"https:\/\/lifeglobal.ro\/ro\/wp-json\/wp\/v2\/types\/page"}],"author":[{"embeddable":true,"href":"https:\/\/lifeglobal.ro\/ro\/wp-json\/wp\/v2\/users\/2"}],"replies":[{"embeddable":true,"href":"https:\/\/lifeglobal.ro\/ro\/wp-json\/wp\/v2\/comments?post=3718"}],"version-history":[{"count":16,"href":"https:\/\/lifeglobal.ro\/ro\/wp-json\/wp\/v2\/pages\/3718\/revisions"}],"predecessor-version":[{"id":3839,"href":"https:\/\/lifeglobal.ro\/ro\/wp-json\/wp\/v2\/pages\/3718\/revisions\/3839"}],"wp:attachment":[{"href":"https:\/\/lifeglobal.ro\/ro\/wp-json\/wp\/v2\/media?parent=3718"}],"curies":[{"name":"wp","href":"https:\/\/api.w.org\/{rel}","templated":true}]}}